{"id":180,"date":"2026-04-20T06:59:38","date_gmt":"2026-04-20T06:59:38","guid":{"rendered":"https:\/\/lohomed.com\/?post_type=product&#038;p=180"},"modified":"2026-04-20T07:00:01","modified_gmt":"2026-04-20T07:00:01","slug":"180","status":"publish","type":"product","link":"https:\/\/lohomed.com\/es\/product\/180\/","title":{"rendered":"Cama m\u00e9dica el\u00e9ctrica de 5 funciones"},"content":{"rendered":"<p>backrest adjustment<br \/>\nleg rest adjustment<br \/>\noverall height adjustment<br \/>\nforward tilt<br \/>\nbackward tilt<\/p>\n<div data-page-id=\"LkZbdTU3wooS7txVrQ1cCfA1nFe\" data-lark-html-role=\"root\" data-docx-has-block-data=\"false\">\n<div class=\"ace-line ace-line old-record-id-V9SdfSfJDdjW9FcBCzhcBbSHnCe\">1. <strong>Especificaciones y dimensiones<\/strong>: Dimensiones totales de la cama: 2200\u00d71050\u00d7480-670mm (\u00b110mm). Capacidad de carga segura de la superficie de la cama: \u2265260kg.<\/div>\n<div class=\"ace-line ace-line old-record-id-N4DwfKOWSdXS2vcP41scaaxUnog\">2. <strong>Cabecero y estribo<\/strong>: Hecho de material ABS mediante moldeo por soplado de una sola pieza. El cabecero y el estribo se pueden desmontar libremente sin herramientas, con un tarjetero integrado. Las caracter\u00edsticas incluyen antirotura, antienvejecimiento, resistencia al impacto, sin deformaci\u00f3n, sin decoloraci\u00f3n, alta resistencia y buena tenacidad. Los dispositivos anticolisi\u00f3n est\u00e1n instalados en las cuatro esquinas.<\/div>\n<div class=\"ace-line ace-line old-record-id-KV3pfDjTLdIVJQcQD6pcxl9AnuY\">3. <strong>Componentes del marco de la cama principal<\/strong>: El marco de la cama est\u00e1 hecho de tubos rectangulares de acero al carbono de 30\u00d760\u00d71,2 mm. La superficie de la cama est\u00e1 soldada a partir de placas estampadas de una sola pieza con excelente resistencia a las grietas; Se a\u00f1aden 2 nervaduras de refuerzo en el centro de la placa de la cama para mejorar la capacidad de carga. El respaldo de la cama se fija con una pieza estampada de una sola pieza y un eje giratorio, conectado mediante nervaduras de refuerzo circundantes para distribuir uniformemente el peso por toda la superficie de la cama. Todos los conectores entre las secciones de la cama est\u00e1n hechos de acero con un espesor de una sola pieza de 2,5 mm, lo que garantiza que no haya ruido durante la rotaci\u00f3n.<\/div>\n<div class=\"ace-line ace-line old-record-id-M2VCfVApcdrJbecToWQcbd5VnBf\">4. <strong>Motor<\/strong>: Equipado con un motor el\u00e9ctrico certificado e inspeccionado por terceros para controlar los cambios de posici\u00f3n del cuerpo. El motor presenta un rendimiento estable, funcionamiento suave y confiable, baja resistencia al ruido, al agua y al polvo. Fuente de alimentaci\u00f3n: 220V, 50Hz; nivel de ruido &lt;45dB.<\/div>\n<div class=\"ace-line ace-line old-record-id-K8nef5Prvdb0Gnc5dWhckE7inLe\">5. <strong>Funciones de la cama de enfermer\u00eda<\/strong>: varillaje de espalda no compresivo seguro con un solo toque, funci\u00f3n de reinicio bilateral de la cama, funci\u00f3n adicional de sentarse con un solo toque y funci\u00f3n de parada de emergencia para cualquier bot\u00f3n.<\/div>\n<div class=\"ace-line ace-line old-record-id-GaiGf1ZGxd46TLclcpTceXb0nve\">6. <strong>Rieles laterales<\/strong>: Cuatro peque\u00f1as barandillas de PP nuevas hechas de pl\u00e1stico ABS ecol\u00f3gico, que son m\u00e1s resistentes y duraderas.<\/div>\n<div class=\"ace-line ace-line old-record-id-TrxhfwuOVdul8scQqfJcxXKKnJf\">7. <strong>Funciones de ajuste<\/strong>:<\/div>\n<div class=\"ace-line ace-line old-record-id-TrLPf3KW8dSguGc9F43cAItenwd\">-contra Elevaci\u00f3n del respaldo: 0-75\u00b0, logrando una elevaci\u00f3n lenta y suave con un funcionamiento ligero y sin resistencia.<\/div>\n<div class=\"ace-line ace-line old-record-id-FY61fOVBLdDM1qcYRxgcHzXmnHd\">\u00f1an Fending de piernas: 0-40\u00b0, logrando un levantamiento lento y suave con un funcionamiento ligero y sin resistencia.<\/div>\n<div class=\"ace-line ace-line old-record-id-LFADfXP4KdqQRbcaOOZcTy8Nnid\">-- Ajuste total de la altura de la cama: 480-670 mm.<\/div>\n<div class=\"ace-line ace-line old-record-id-RunZfvFc9dL8eFcOe1bcViQYned\">-angle de inclinaci\u00f3n hacia adelante\/atr\u00e1s: 0-12\u00b0.<\/div>\n<div class=\"ace-line ace-line old-record-id-S5K8fBch2d4XgFclESOcRyhUnqb\">8. <strong>Ruedas<\/strong>: 4 piezas de ruedas de control central de 5 pulgadas, con frenado de un pie para mayor estabilidad y confiabilidad.<\/div>\n<div class=\"ace-line ace-line old-record-id-InItfKjy3d2lcrcHqvxcPnIpnDg\">9. <strong>Colch\u00f3n<\/strong>: Colch\u00f3n de 6 cm de espesor. Cada tama\u00f1o de panel coincide con las funciones de la cama; relleno de fibra de palma y esponja, suave, transpirable e inodoro.<\/div>\n<div class=\"ace-line ace-line old-record-id-UuiKflrxrdYisCcOsIsc9dQen2f\">10. <strong>Tratamiento superficial<\/strong>: La superficie del cuerpo del lecho se procesa mediante una l\u00ednea de pulverizaci\u00f3n totalmente autom\u00e1tica con pulverizaci\u00f3n electrost\u00e1tica en polvo de alta calidad, que presenta colores brillantes y una fuerte adhesi\u00f3n.<\/div>\n<div class=\"ace-line ace-line old-record-id-XaPOfd7iNd7zKDcY5DqcQDRmnQc\">11. <strong>Configuraci\u00f3n<\/strong>: 1 juego de cabecera y estribo, 1 juego de barandillas laterales, 1 juego de ruedas de control central, 1 juego de colch\u00f3n.<\/div>\n<\/div>","protected":false},"excerpt":{"rendered":"<div data-page-id=\"LkZbdTU3wooS7txVrQ1cCfA1nFe\" data-lark-html-role=\"root\" data-docx-has-block-data=\"false\">\n<div class=\"old-record-id-V9SdfSfJDdjW9FcBCzhcBbSHnCe\">2200\u00d71050\u00d7480-670mm (\u00b110mm)<\/div>\n<\/div>","protected":false},"featured_media":181,"comment_status":"open","ping_status":"closed","template":"","meta":[],"product_brand":[],"product_cat":[22],"product_tag":[],"class_list":{"0":"post-180","1":"product","2":"type-product","3":"status-publish","4":"has-post-thumbnail","6":"product_cat-electric-hospital-bed","8":"first","9":"instock","10":"shipping-taxable","11":"product-type-simple"},"_links":{"self":[{"href":"https:\/\/lohomed.com\/es\/wp-json\/wp\/v2\/product\/180","targetHints":{"allow":["GET"]}}],"collection":[{"href":"https:\/\/lohomed.com\/es\/wp-json\/wp\/v2\/product"}],"about":[{"href":"https:\/\/lohomed.com\/es\/wp-json\/wp\/v2\/types\/product"}],"replies":[{"embeddable":true,"href":"https:\/\/lohomed.com\/es\/wp-json\/wp\/v2\/comments?post=180"}],"wp:featuredmedia":[{"embeddable":true,"href":"https:\/\/lohomed.com\/es\/wp-json\/wp\/v2\/media\/181"}],"wp:attachment":[{"href":"https:\/\/lohomed.com\/es\/wp-json\/wp\/v2\/media?parent=180"}],"wp:term":[{"taxonomy":"product_brand","embeddable":true,"href":"https:\/\/lohomed.com\/es\/wp-json\/wp\/v2\/product_brand?post=180"},{"taxonomy":"product_cat","embeddable":true,"href":"https:\/\/lohomed.com\/es\/wp-json\/wp\/v2\/product_cat?post=180"},{"taxonomy":"product_tag","embeddable":true,"href":"https:\/\/lohomed.com\/es\/wp-json\/wp\/v2\/product_tag?post=180"}],"curies":[{"name":"wp","href":"https:\/\/api.w.org\/{rel}","templated":true}]}}